{"id":97,"date":"2023-03-09T12:56:04","date_gmt":"2023-03-09T12:56:04","guid":{"rendered":"https:\/\/tecnologia.vamtam.com\/?page_id=97"},"modified":"2026-03-06T12:34:04","modified_gmt":"2026-03-06T09:34:04","slug":"success-stories-2","status":"publish","type":"page","link":"https:\/\/www.fgs.com.tr\/en\/basari-hikayeleri\/","title":{"rendered":"Success Stories"},"content":{"rendered":"<div data-elementor-type=\"wp-page\" data-elementor-id=\"97\" class=\"elementor elementor-97\" data-elementor-post-type=\"page\">\n\t\t\t\t\t\t<section class=\"elementor-section elementor-top-section elementor-element elementor-element-0c613a8 elementor-section-boxed elementor-section-height-default elementor-section-height-default\" data-id=\"0c613a8\" data-element_type=\"section\">\n\t\t\t\t\t\t<div class=\"elementor-container elementor-column-gap-default\">\n\t\t\t\t\t<div class=\"elementor-column elementor-col-100 elementor-top-column elementor-element elementor-element-d661024\" data-id=\"d661024\" data-element_type=\"column\">\n\t\t\t<div class=\"elementor-widget-wrap elementor-element-populated\">\n\t\t\t\t\t\t<div class=\"elementor-element elementor-element-5d25c10 animated-slow elementor-invisible elementor-widget elementor-widget-heading\" data-id=\"5d25c10\" data-element_type=\"widget\" data-settings=\"{&quot;_animation&quot;:&quot;fadeIn&quot;,&quot;_animation_tablet&quot;:&quot;none&quot;}\" data-widget_type=\"heading.default\">\n\t\t\t\t<div class=\"elementor-widget-container\">\n\t\t\t\t\t<h1 class=\"elementor-heading-title elementor-size-default\">Your Digital Journey<\/h1>\t\t\t\t<\/div>\n\t\t\t\t<\/div>\n\t\t\t\t<div class=\"elementor-element elementor-element-1604133 elementor-widget elementor-widget-spacer\" data-id=\"1604133\" data-element_type=\"widget\" data-widget_type=\"spacer.default\">\n\t\t\t\t<div class=\"elementor-widget-container\">\n\t\t\t\t\t\t\t<div class=\"elementor-spacer\">\n\t\t\t<div class=\"elementor-spacer-inner\"><\/div>\n\t\t<\/div>\n\t\t\t\t\t\t<\/div>\n\t\t\t\t<\/div>\n\t\t\t\t\t<\/div>\n\t\t<\/div>\n\t\t\t\t\t<\/div>\n\t\t<\/section>\n\t\t<div class=\"elementor-element elementor-element-52a1e23 e-grid e-con-boxed e-con e-parent\" data-id=\"52a1e23\" data-element_type=\"container\">\n\t\t\t\t\t<div class=\"e-con-inner\">\n\t\t\t\t<div class=\"elementor-element elementor-element-9e12060 elementor-widget elementor-widget-video\" data-id=\"9e12060\" data-element_type=\"widget\" data-settings=\"{&quot;youtube_url&quot;:&quot;https:\\\/\\\/www.youtube.com\\\/watch?v=e6GNF2k9yno&quot;,&quot;video_type&quot;:&quot;youtube&quot;,&quot;controls&quot;:&quot;yes&quot;}\" data-widget_type=\"video.default\">\n\t\t\t\t<div class=\"elementor-widget-container\">\n\t\t\t\t\t\t\t<div class=\"elementor-wrapper elementor-open-inline\">\n\t\t\t<div class=\"elementor-video\"><\/div>\t\t<\/div>\n\t\t\t\t\t\t<\/div>\n\t\t\t\t<\/div>\n\t\t\t\t<div class=\"elementor-element elementor-element-6b0b46a elementor-widget elementor-widget-video\" data-id=\"6b0b46a\" data-element_type=\"widget\" data-settings=\"{&quot;youtube_url&quot;:&quot;https:\\\/\\\/www.youtube.com\\\/watch?v=tUuCrIjNdYQ&quot;,&quot;video_type&quot;:&quot;youtube&quot;,&quot;controls&quot;:&quot;yes&quot;}\" data-widget_type=\"video.default\">\n\t\t\t\t<div class=\"elementor-widget-container\">\n\t\t\t\t\t\t\t<div class=\"elementor-wrapper elementor-open-inline\">\n\t\t\t<div class=\"elementor-video\"><\/div>\t\t<\/div>\n\t\t\t\t\t\t<\/div>\n\t\t\t\t<\/div>\n\t\t\t\t\t<\/div>\n\t\t\t\t<\/div>\n\t\t\t\t<\/div>","protected":false},"excerpt":{"rendered":"<p>Your Digital Journey https:\/\/www.youtube.com\/watch?v=e6GNF2k9ynohttps:\/\/www.youtube.com\/watch?v=tUuCrIjNdYQ<\/p>","protected":false},"author":1,"featured_media":0,"parent":0,"menu_order":0,"comment_status":"closed","ping_status":"closed","template":"","meta":{"footnotes":""},"class_list":["post-97","page","type-page","status-publish","hentry"],"yoast_head":"<!-- This site is optimized with the Yoast SEO plugin v26.4 - https:\/\/yoast.com\/wordpress\/plugins\/seo\/ -->\n<title>Ba\u015far\u0131 Hikayeleri - FGS Bilgi \u0130\u015flem \u00dcr\u00fcnleri San. Tic. A.\u015e.<\/title>\n<meta name=\"description\" content=\"FGS ba\u015far\u0131 hikayeleri ile bulut santral ve \u00e7a\u011fr\u0131 merkezi projelerinde elde edilen ger\u00e7ek m\u00fc\u015fteri deneyimlerini ke\u015ffedin.\" \/>\n<meta name=\"robots\" content=\"index, follow, max-snippet:-1, max-image-preview:large, max-video-preview:-1\" \/>\n<link rel=\"canonical\" href=\"https:\/\/www.fgs.com.tr\/en\/success-stories-2\/\" \/>\n<meta property=\"og:locale\" content=\"en_US\" \/>\n<meta property=\"og:type\" content=\"article\" \/>\n<meta property=\"og:title\" content=\"Ba\u015far\u0131 Hikayeleri - FGS Bilgi \u0130\u015flem \u00dcr\u00fcnleri San. Tic. A.\u015e.\" \/>\n<meta property=\"og:description\" content=\"FGS ba\u015far\u0131 hikayeleri ile bulut santral ve \u00e7a\u011fr\u0131 merkezi projelerinde elde edilen ger\u00e7ek m\u00fc\u015fteri deneyimlerini ke\u015ffedin.\" \/>\n<meta property=\"og:url\" content=\"https:\/\/www.fgs.com.tr\/en\/success-stories-2\/\" \/>\n<meta property=\"og:site_name\" content=\"FGS Bilgi \u0130\u015flem \u00dcr\u00fcnleri San. Tic. A.\u015e.\" \/>\n<meta property=\"article:modified_time\" content=\"2026-03-06T09:34:04+00:00\" \/>\n<meta name=\"twitter:card\" content=\"summary_large_image\" \/>\n<meta name=\"twitter:label1\" content=\"Est. reading time\" \/>\n\t<meta name=\"twitter:data1\" content=\"1 minute\" \/>\n<script type=\"application\/ld+json\" class=\"yoast-schema-graph\">{\"@context\":\"https:\/\/schema.org\",\"@graph\":[{\"@type\":\"WebPage\",\"@id\":\"https:\/\/www.fgs.com.tr\/basari-hikayeleri\/\",\"url\":\"https:\/\/www.fgs.com.tr\/basari-hikayeleri\/\",\"name\":\"Ba\u015far\u0131 Hikayeleri - FGS Bilgi \u0130\u015flem \u00dcr\u00fcnleri San. Tic. A.\u015e.\",\"isPartOf\":{\"@id\":\"https:\/\/www.fgs.com.tr\/#website\"},\"datePublished\":\"2023-03-09T12:56:04+00:00\",\"dateModified\":\"2026-03-06T09:34:04+00:00\",\"description\":\"FGS ba\u015far\u0131 hikayeleri ile bulut santral ve \u00e7a\u011fr\u0131 merkezi projelerinde elde edilen ger\u00e7ek m\u00fc\u015fteri deneyimlerini ke\u015ffedin.\",\"breadcrumb\":{\"@id\":\"https:\/\/www.fgs.com.tr\/basari-hikayeleri\/#breadcrumb\"},\"inLanguage\":\"en-US\",\"potentialAction\":[{\"@type\":\"ReadAction\",\"target\":[\"https:\/\/www.fgs.com.tr\/basari-hikayeleri\/\"]}]},{\"@type\":\"BreadcrumbList\",\"@id\":\"https:\/\/www.fgs.com.tr\/basari-hikayeleri\/#breadcrumb\",\"itemListElement\":[{\"@type\":\"ListItem\",\"position\":1,\"name\":\"Anasayfa\",\"item\":\"https:\/\/www.fgs.com.tr\/\"},{\"@type\":\"ListItem\",\"position\":2,\"name\":\"Ba\u015far\u0131 Hikayeleri\"}]},{\"@type\":\"WebSite\",\"@id\":\"https:\/\/www.fgs.com.tr\/#website\",\"url\":\"https:\/\/www.fgs.com.tr\/\",\"name\":\"FGS Yaz\u0131l\u0131m\",\"description\":\"\u0130leti\u015fiminizi buluta ta\u015f\u0131y\u0131n, fark\u0131 FGS ile ya\u015fay\u0131n.\",\"publisher\":{\"@id\":\"https:\/\/www.fgs.com.tr\/#organization\"},\"potentialAction\":[{\"@type\":\"SearchAction\",\"target\":{\"@type\":\"EntryPoint\",\"urlTemplate\":\"https:\/\/www.fgs.com.tr\/?s={search_term_string}\"},\"query-input\":{\"@type\":\"PropertyValueSpecification\",\"valueRequired\":true,\"valueName\":\"search_term_string\"}}],\"inLanguage\":\"en-US\"},{\"@type\":\"Organization\",\"@id\":\"https:\/\/www.fgs.com.tr\/#organization\",\"name\":\"FGS Yaz\u0131l\u0131m\",\"url\":\"https:\/\/www.fgs.com.tr\/\",\"logo\":{\"@type\":\"ImageObject\",\"inLanguage\":\"en-US\",\"@id\":\"https:\/\/www.fgs.com.tr\/#\/schema\/logo\/image\/\",\"url\":\"https:\/\/www.fgs.com.tr\/wp-content\/uploads\/2023\/03\/l1.png\",\"contentUrl\":\"https:\/\/www.fgs.com.tr\/wp-content\/uploads\/2023\/03\/l1.png\",\"width\":195,\"height\":93,\"caption\":\"FGS Yaz\u0131l\u0131m\"},\"image\":{\"@id\":\"https:\/\/www.fgs.com.tr\/#\/schema\/logo\/image\/\"}}]}<\/script>\n<!-- \/ Yoast SEO plugin. -->","yoast_head_json":{"title":"Success Stories - FGS Information Processing Products Industry and Trade Inc.","description":"Discover real customer experiences gained from cloud PBX and call center projects through FGS success stories.","robots":{"index":"index","follow":"follow","max-snippet":"max-snippet:-1","max-image-preview":"max-image-preview:large","max-video-preview":"max-video-preview:-1"},"canonical":"https:\/\/www.fgs.com.tr\/en\/success-stories-2\/","og_locale":"en_US","og_type":"article","og_title":"Ba\u015far\u0131 Hikayeleri - FGS Bilgi \u0130\u015flem \u00dcr\u00fcnleri San. Tic. A.\u015e.","og_description":"FGS ba\u015far\u0131 hikayeleri ile bulut santral ve \u00e7a\u011fr\u0131 merkezi projelerinde elde edilen ger\u00e7ek m\u00fc\u015fteri deneyimlerini ke\u015ffedin.","og_url":"https:\/\/www.fgs.com.tr\/en\/success-stories-2\/","og_site_name":"FGS Bilgi \u0130\u015flem \u00dcr\u00fcnleri San. Tic. A.\u015e.","article_modified_time":"2026-03-06T09:34:04+00:00","twitter_card":"summary_large_image","twitter_misc":{"Est. reading time":"1 minute"},"schema":{"@context":"https:\/\/schema.org","@graph":[{"@type":"WebPage","@id":"https:\/\/www.fgs.com.tr\/basari-hikayeleri\/","url":"https:\/\/www.fgs.com.tr\/basari-hikayeleri\/","name":"Success Stories - FGS Information Processing Products Industry and Trade Inc.","isPartOf":{"@id":"https:\/\/www.fgs.com.tr\/#website"},"datePublished":"2023-03-09T12:56:04+00:00","dateModified":"2026-03-06T09:34:04+00:00","description":"Discover real customer experiences gained from cloud PBX and call center projects through FGS success stories.","breadcrumb":{"@id":"https:\/\/www.fgs.com.tr\/basari-hikayeleri\/#breadcrumb"},"inLanguage":"en-US","potentialAction":[{"@type":"ReadAction","target":["https:\/\/www.fgs.com.tr\/basari-hikayeleri\/"]}]},{"@type":"BreadcrumbList","@id":"https:\/\/www.fgs.com.tr\/basari-hikayeleri\/#breadcrumb","itemListElement":[{"@type":"ListItem","position":1,"name":"Anasayfa","item":"https:\/\/www.fgs.com.tr\/"},{"@type":"ListItem","position":2,"name":"Ba\u015far\u0131 Hikayeleri"}]},{"@type":"WebSite","@id":"https:\/\/www.fgs.com.tr\/#website","url":"https:\/\/www.fgs.com.tr\/","name":"FGS Software","description":"Move your communications to the cloud and experience the difference with FGS.","publisher":{"@id":"https:\/\/www.fgs.com.tr\/#organization"},"potentialAction":[{"@type":"SearchAction","target":{"@type":"EntryPoint","urlTemplate":"https:\/\/www.fgs.com.tr\/?s={search_term_string}"},"query-input":{"@type":"PropertyValueSpecification","valueRequired":true,"valueName":"search_term_string"}}],"inLanguage":"en-US"},{"@type":"Organization","@id":"https:\/\/www.fgs.com.tr\/#organization","name":"FGS Software","url":"https:\/\/www.fgs.com.tr\/","logo":{"@type":"ImageObject","inLanguage":"en-US","@id":"https:\/\/www.fgs.com.tr\/#\/schema\/logo\/image\/","url":"https:\/\/www.fgs.com.tr\/wp-content\/uploads\/2023\/03\/l1.png","contentUrl":"https:\/\/www.fgs.com.tr\/wp-content\/uploads\/2023\/03\/l1.png","width":195,"height":93,"caption":"FGS Yaz\u0131l\u0131m"},"image":{"@id":"https:\/\/www.fgs.com.tr\/#\/schema\/logo\/image\/"}}]}},"_links":{"self":[{"href":"https:\/\/www.fgs.com.tr\/en\/wp-json\/wp\/v2\/pages\/97","targetHints":{"allow":["GET"]}}],"collection":[{"href":"https:\/\/www.fgs.com.tr\/en\/wp-json\/wp\/v2\/pages"}],"about":[{"href":"https:\/\/www.fgs.com.tr\/en\/wp-json\/wp\/v2\/types\/page"}],"author":[{"embeddable":true,"href":"https:\/\/www.fgs.com.tr\/en\/wp-json\/wp\/v2\/users\/1"}],"replies":[{"embeddable":true,"href":"https:\/\/www.fgs.com.tr\/en\/wp-json\/wp\/v2\/comments?post=97"}],"version-history":[{"count":0,"href":"https:\/\/www.fgs.com.tr\/en\/wp-json\/wp\/v2\/pages\/97\/revisions"}],"wp:attachment":[{"href":"https:\/\/www.fgs.com.tr\/en\/wp-json\/wp\/v2\/media?parent=97"}],"curies":[{"name":"wp","href":"https:\/\/api.w.org\/{rel}","templated":true}]}}