{"id":93,"date":"2023-03-09T12:54:22","date_gmt":"2023-03-09T12:54:22","guid":{"rendered":"https:\/\/tecnologia.vamtam.com\/?page_id=93"},"modified":"2025-11-04T10:33:11","modified_gmt":"2025-11-04T10:33:11","slug":"blog","status":"publish","type":"page","link":"https:\/\/www.fgs.com.tr\/en\/blog\/","title":{"rendered":"Blog"},"content":{"rendered":"<div data-elementor-type=\"wp-page\" data-elementor-id=\"93\" class=\"elementor elementor-93\" data-elementor-post-type=\"page\">\n\t\t\t\t\t\t<section class=\"elementor-section elementor-top-section elementor-element elementor-element-46b242f elementor-section-boxed elementor-section-height-default elementor-section-height-default\" data-id=\"46b242f\" data-element_type=\"section\">\n\t\t\t\t\t\t<div class=\"elementor-container elementor-column-gap-default\">\n\t\t\t\t\t<div class=\"elementor-column elementor-col-100 elementor-top-column elementor-element elementor-element-d8eccda\" data-id=\"d8eccda\" data-element_type=\"column\">\n\t\t\t<div class=\"elementor-widget-wrap elementor-element-populated\">\n\t\t\t\t\t\t<div class=\"elementor-element elementor-element-ed7d10e animated-slow elementor-invisible elementor-widget elementor-widget-heading\" data-id=\"ed7d10e\" data-element_type=\"widget\" data-settings=\"{&quot;_animation&quot;:&quot;fadeIn&quot;,&quot;_animation_tablet&quot;:&quot;none&quot;}\" data-widget_type=\"heading.default\">\n\t\t\t\t<div class=\"elementor-widget-container\">\n\t\t\t\t\t<h1 class=\"elementor-heading-title elementor-size-default\">Latest Developments<\/h1>\t\t\t\t<\/div>\n\t\t\t\t<\/div>\n\t\t\t\t<div class=\"elementor-element elementor-element-5940b8c elementor-widget elementor-widget-spacer\" data-id=\"5940b8c\" data-element_type=\"widget\" data-widget_type=\"spacer.default\">\n\t\t\t\t<div class=\"elementor-widget-container\">\n\t\t\t\t\t\t\t<div class=\"elementor-spacer\">\n\t\t\t<div class=\"elementor-spacer-inner\"><\/div>\n\t\t<\/div>\n\t\t\t\t\t\t<\/div>\n\t\t\t\t<\/div>\n\t\t\t\t\t<\/div>\n\t\t<\/div>\n\t\t\t\t\t<\/div>\n\t\t<\/section>\n\t\t\t\t<section class=\"elementor-section elementor-top-section elementor-element elementor-element-d88de12 elementor-hidden-mobile elementor-section-content-middle elementor-section-boxed elementor-section-height-default elementor-section-height-default\" data-id=\"d88de12\" data-element_type=\"section\" data-settings=\"{&quot;background_background&quot;:&quot;classic&quot;}\">\n\t\t\t\t\t\t<div class=\"elementor-container elementor-column-gap-no\">\n\t\t\t\t\t<div class=\"elementor-column elementor-col-100 elementor-top-column elementor-element elementor-element-f1f3ce2\" data-id=\"f1f3ce2\" data-element_type=\"column\" data-settings=\"{&quot;background_background&quot;:&quot;classic&quot;}\">\n\t\t\t<div class=\"elementor-widget-wrap elementor-element-populated\">\n\t\t\t\t\t\t<div class=\"elementor-element elementor-element-0bc3f04 elementor-widget elementor-widget-spacer\" data-id=\"0bc3f04\" data-element_type=\"widget\" data-widget_type=\"spacer.default\">\n\t\t\t\t<div class=\"elementor-widget-container\">\n\t\t\t\t\t\t\t<div class=\"elementor-spacer\">\n\t\t\t<div class=\"elementor-spacer-inner\"><\/div>\n\t\t<\/div>\n\t\t\t\t\t\t<\/div>\n\t\t\t\t<\/div>\n\t\t\t\t<div class=\"vamtam-has-theme-widget-styles elementor-element elementor-element-0debbbe elementor-widget__width-initial elementor-widget-tablet__width-inherit elementor-grid-3 elementor-grid-tablet-2 elementor-grid-mobile-1 elementor-posts--thumbnail-top elementor-posts--show-avatar elementor-card-shadow-yes elementor-posts__hover-gradient elementor-widget elementor-widget-posts\" data-id=\"0debbbe\" data-element_type=\"widget\" data-settings=\"{&quot;cards_columns&quot;:&quot;3&quot;,&quot;cards_columns_tablet&quot;:&quot;2&quot;,&quot;cards_columns_mobile&quot;:&quot;1&quot;,&quot;cards_row_gap&quot;:{&quot;unit&quot;:&quot;px&quot;,&quot;size&quot;:35,&quot;sizes&quot;:[]},&quot;cards_row_gap_tablet&quot;:{&quot;unit&quot;:&quot;px&quot;,&quot;size&quot;:&quot;&quot;,&quot;sizes&quot;:[]},&quot;cards_row_gap_mobile&quot;:{&quot;unit&quot;:&quot;px&quot;,&quot;size&quot;:&quot;&quot;,&quot;sizes&quot;:[]}}\" data-widget_type=\"posts.cards\">\n\t\t\t\t<div class=\"elementor-widget-container\">\n\t\t\t\t\t\t\t<div class=\"elementor-posts-container elementor-posts elementor-posts--skin-cards elementor-grid\" role=\"list\">\n\t\t\t\t<article class=\"elementor-post elementor-grid-item post-988071 post type-post status-publish format-standard has-post-thumbnail hentry category-sektor-trendleri tag-dijital tag-iletisim tag-ses tag-teknoloji\" role=\"listitem\">\n\t\t\t<div class=\"elementor-post__card\">\n\t\t\t\t<a class=\"elementor-post__thumbnail__link\" href=\"https:\/\/www.fgs.com.tr\/en\/kurumsal-iletisimde-guvenlik-ses-verisi-neden-en-degerli-bilgilerden-biri-oldu\/\" tabindex=\"-1\" ><div class=\"elementor-post__thumbnail\"><img fetchpriority=\"high\" decoding=\"async\" width=\"300\" height=\"300\" src=\"https:\/\/www.fgs.com.tr\/wp-content\/uploads\/2025\/11\/FGS-Web-Calismalari-01-blog-1-300x300.jpg\" class=\"attachment-medium size-medium wp-image-988151\" alt=\"\" srcset=\"https:\/\/www.fgs.com.tr\/wp-content\/uploads\/2025\/11\/FGS-Web-Calismalari-01-blog-1-300x300.jpg 300w, https:\/\/www.fgs.com.tr\/wp-content\/uploads\/2025\/11\/FGS-Web-Calismalari-01-blog-1-150x150.jpg 150w, https:\/\/www.fgs.com.tr\/wp-content\/uploads\/2025\/11\/FGS-Web-Calismalari-01-blog-1-768x768.jpg 768w, https:\/\/www.fgs.com.tr\/wp-content\/uploads\/2025\/11\/FGS-Web-Calismalari-01-blog-1.jpg 800w\" sizes=\"(max-width: 300px) 100vw, 300px\" \/><\/div><\/a>\n\t\t\t\t<div class=\"elementor-post__badge\">Industry Trends<\/div>\n\t\t\t\t<div class=\"elementor-post__avatar\">\n\t\t\t<img alt='admin' src='https:\/\/www.fgs.com.tr\/wp-content\/litespeed\/avatar\/c83a712eff51b5df0a720956362fb1da.jpg?ver=1776843462' srcset='https:\/\/www.fgs.com.tr\/wp-content\/litespeed\/avatar\/d07ab827bb1a36fa05ad43e201ef2c7f.jpg?ver=1776843461 2x' class='avatar avatar-128 photo' height='128' width='128' \/>\t\t<\/div>\n\t\t\t\t<div class=\"elementor-post__text\">\n\t\t\t\t<h3 class=\"elementor-post__title\">\n\t\t\t<a href=\"https:\/\/www.fgs.com.tr\/en\/kurumsal-iletisimde-guvenlik-ses-verisi-neden-en-degerli-bilgilerden-biri-oldu\/\" >\n\t\t\t\tSecurity in Corporate Communications: Why Has Voice Data Become One of the Most Valuable Types of Information?\t\t\t<\/a>\n\t\t<\/h3>\n\t\t\t\t<div class=\"elementor-post__excerpt\">\n\t\t\t<p>In recent years, with the acceleration of digital transformation, data has become the &quot;fuel&quot; of the new era for businesses. However, there is one type of data that often goes unnoticed:<\/p>\n\t\t<\/div>\n\t\t\n\t\t<a class=\"elementor-post__read-more\" href=\"https:\/\/www.fgs.com.tr\/en\/kurumsal-iletisimde-guvenlik-ses-verisi-neden-en-degerli-bilgilerden-biri-oldu\/\" aria-label=\"Read more about Kurumsal \u0130leti\u015fimde G\u00fcvenlik: Ses Verisi Neden En De\u011ferli Bilgilerden Biri Oldu?\" tabindex=\"-1\" >\n\t\t\tRead more &quot;\u00bb\t\t<\/a>\n\n\t\t\t\t<\/div>\n\t\t\t\t<div class=\"elementor-post__meta-data\">\n\t\t\t\t\t<span class=\"elementor-post-date\">\n\t\t\t04\/11\/2025\t\t<\/span>\n\t\t\t\t<\/div>\n\t\t\t\t\t<\/div>\n\t\t<\/article>\n\t\t\t\t<article class=\"elementor-post elementor-grid-item post-988066 post type-post status-publish format-standard has-post-thumbnail hentry category-sektor-trendleri tag-dijital tag-iletisim tag-ses tag-teknoloji\" role=\"listitem\">\n\t\t\t<div class=\"elementor-post__card\">\n\t\t\t\t<a class=\"elementor-post__thumbnail__link\" href=\"https:\/\/www.fgs.com.tr\/en\/bulut-santral-ile-sirketler-nasil-daha-verimli-hale-geliyor\/\" tabindex=\"-1\" ><div class=\"elementor-post__thumbnail\"><img decoding=\"async\" width=\"300\" height=\"300\" src=\"https:\/\/www.fgs.com.tr\/wp-content\/uploads\/2025\/11\/FGS-Web-Calismalari-01-blog-2-300x300.jpg\" class=\"attachment-medium size-medium wp-image-988155\" alt=\"\" srcset=\"https:\/\/www.fgs.com.tr\/wp-content\/uploads\/2025\/11\/FGS-Web-Calismalari-01-blog-2-300x300.jpg 300w, https:\/\/www.fgs.com.tr\/wp-content\/uploads\/2025\/11\/FGS-Web-Calismalari-01-blog-2-150x150.jpg 150w, https:\/\/www.fgs.com.tr\/wp-content\/uploads\/2025\/11\/FGS-Web-Calismalari-01-blog-2-768x768.jpg 768w, https:\/\/www.fgs.com.tr\/wp-content\/uploads\/2025\/11\/FGS-Web-Calismalari-01-blog-2.jpg 800w\" sizes=\"(max-width: 300px) 100vw, 300px\" \/><\/div><\/a>\n\t\t\t\t<div class=\"elementor-post__badge\">Industry Trends<\/div>\n\t\t\t\t<div class=\"elementor-post__avatar\">\n\t\t\t<img alt='admin' src='https:\/\/www.fgs.com.tr\/wp-content\/litespeed\/avatar\/c83a712eff51b5df0a720956362fb1da.jpg?ver=1776843462' srcset='https:\/\/www.fgs.com.tr\/wp-content\/litespeed\/avatar\/d07ab827bb1a36fa05ad43e201ef2c7f.jpg?ver=1776843461 2x' class='avatar avatar-128 photo' height='128' width='128' \/>\t\t<\/div>\n\t\t\t\t<div class=\"elementor-post__text\">\n\t\t\t\t<h3 class=\"elementor-post__title\">\n\t\t\t<a href=\"https:\/\/www.fgs.com.tr\/en\/bulut-santral-ile-sirketler-nasil-daha-verimli-hale-geliyor\/\" >\n\t\t\t\tHow Cloud PBX Makes Companies More Efficient?\t\t\t<\/a>\n\t\t<\/h3>\n\t\t\t\t<div class=\"elementor-post__excerpt\">\n\t\t\t<p>In the business world, speed, accessibility, and flexibility are no longer a choice, but a necessity. Every day, dozens of organizations are switching from traditional telephone systems to cloud-based PBX solutions. So, what are they?<\/p>\n\t\t<\/div>\n\t\t\n\t\t<a class=\"elementor-post__read-more\" href=\"https:\/\/www.fgs.com.tr\/en\/bulut-santral-ile-sirketler-nasil-daha-verimli-hale-geliyor\/\" aria-label=\"Read more about Bulut Santral ile \u015eirketler Nas\u0131l Daha Verimli Hale Geliyor?\" tabindex=\"-1\" >\n\t\t\tRead more &quot;\u00bb\t\t<\/a>\n\n\t\t\t\t<\/div>\n\t\t\t\t<div class=\"elementor-post__meta-data\">\n\t\t\t\t\t<span class=\"elementor-post-date\">\n\t\t\t04\/11\/2025\t\t<\/span>\n\t\t\t\t<\/div>\n\t\t\t\t\t<\/div>\n\t\t<\/article>\n\t\t\t\t<article class=\"elementor-post elementor-grid-item post-8435 post type-post status-publish format-standard has-post-thumbnail hentry category-sektor-trendleri tag-dijital tag-iletisim tag-ses tag-teknoloji\" role=\"listitem\">\n\t\t\t<div class=\"elementor-post__card\">\n\t\t\t\t<a class=\"elementor-post__thumbnail__link\" href=\"https:\/\/www.fgs.com.tr\/en\/is-dunyasinda-sesin-gucu-dijital-cagda-iletisim-teknolojilerinin-evrimi\/\" tabindex=\"-1\" ><div class=\"elementor-post__thumbnail\"><img decoding=\"async\" width=\"300\" height=\"300\" src=\"https:\/\/www.fgs.com.tr\/wp-content\/uploads\/2023\/04\/FGS-Web-Calismalari-01-blog-3-300x300.jpg\" class=\"attachment-medium size-medium wp-image-988156\" alt=\"\" srcset=\"https:\/\/www.fgs.com.tr\/wp-content\/uploads\/2023\/04\/FGS-Web-Calismalari-01-blog-3-300x300.jpg 300w, https:\/\/www.fgs.com.tr\/wp-content\/uploads\/2023\/04\/FGS-Web-Calismalari-01-blog-3-150x150.jpg 150w, https:\/\/www.fgs.com.tr\/wp-content\/uploads\/2023\/04\/FGS-Web-Calismalari-01-blog-3-768x768.jpg 768w, https:\/\/www.fgs.com.tr\/wp-content\/uploads\/2023\/04\/FGS-Web-Calismalari-01-blog-3.jpg 800w\" sizes=\"(max-width: 300px) 100vw, 300px\" \/><\/div><\/a>\n\t\t\t\t<div class=\"elementor-post__badge\">Industry Trends<\/div>\n\t\t\t\t<div class=\"elementor-post__avatar\">\n\t\t\t<img alt='admin' src='https:\/\/www.fgs.com.tr\/wp-content\/litespeed\/avatar\/c83a712eff51b5df0a720956362fb1da.jpg?ver=1776843462' srcset='https:\/\/www.fgs.com.tr\/wp-content\/litespeed\/avatar\/d07ab827bb1a36fa05ad43e201ef2c7f.jpg?ver=1776843461 2x' class='avatar avatar-128 photo' height='128' width='128' \/>\t\t<\/div>\n\t\t\t\t<div class=\"elementor-post__text\">\n\t\t\t\t<h3 class=\"elementor-post__title\">\n\t\t\t<a href=\"https:\/\/www.fgs.com.tr\/en\/is-dunyasinda-sesin-gucu-dijital-cagda-iletisim-teknolojilerinin-evrimi\/\" >\n\t\t\t\tThe Power of Voice in the Business World: The Evolution of Communication Technologies in the Digital Age\t\t\t<\/a>\n\t\t<\/h3>\n\t\t\t\t<div class=\"elementor-post__excerpt\">\n\t\t\t<p>The rhythm of the business world is now determined not only by data, but also by sound. A call, a meeting, a client interview \u2014 each carries emotion as much as information. And this<\/p>\n\t\t<\/div>\n\t\t\n\t\t<a class=\"elementor-post__read-more\" href=\"https:\/\/www.fgs.com.tr\/en\/is-dunyasinda-sesin-gucu-dijital-cagda-iletisim-teknolojilerinin-evrimi\/\" aria-label=\"Read more about \u0130\u015f D\u00fcnyas\u0131nda Sesin G\u00fcc\u00fc: Dijital \u00c7a\u011fda \u0130leti\u015fim Teknolojilerinin Evrimi\" tabindex=\"-1\" >\n\t\t\tRead more &quot;\u00bb\t\t<\/a>\n\n\t\t\t\t<\/div>\n\t\t\t\t<div class=\"elementor-post__meta-data\">\n\t\t\t\t\t<span class=\"elementor-post-date\">\n\t\t\t10\/04\/2023\t\t<\/span>\n\t\t\t\t<\/div>\n\t\t\t\t\t<\/div>\n\t\t<\/article>\n\t\t\t\t<\/div>\n\t\t\n\t\t\t\t\t\t<\/div>\n\t\t\t\t<\/div>\n\t\t\t\t<div class=\"elementor-element elementor-element-ff8263f elementor-widget elementor-widget-spacer\" data-id=\"ff8263f\" data-element_type=\"widget\" data-widget_type=\"spacer.default\">\n\t\t\t\t<div class=\"elementor-widget-container\">\n\t\t\t\t\t\t\t<div class=\"elementor-spacer\">\n\t\t\t<div class=\"elementor-spacer-inner\"><\/div>\n\t\t<\/div>\n\t\t\t\t\t\t<\/div>\n\t\t\t\t<\/div>\n\t\t\t\t\t<\/div>\n\t\t<\/div>\n\t\t\t\t\t<\/div>\n\t\t<\/section>\n\t\t\t\t<\/div>","protected":false},"excerpt":{"rendered":"<p>Latest Developments<\/p>","protected":false},"author":1,"featured_media":0,"parent":0,"menu_order":0,"comment_status":"closed","ping_status":"closed","template":"","meta":{"footnotes":""},"class_list":["post-93","page","type-page","status-publish","hentry"],"yoast_head":"<!-- This site is optimized with the Yoast SEO plugin v26.4 - https:\/\/yoast.com\/wordpress\/plugins\/seo\/ -->\n<title>Blog - FGS Bilgi \u0130\u015flem \u00dcr\u00fcnleri San. Tic. A.\u015e.<\/title>\n<meta name=\"robots\" content=\"index, follow, max-snippet:-1, max-image-preview:large, max-video-preview:-1\" \/>\n<link rel=\"canonical\" href=\"https:\/\/www.fgs.com.tr\/en\/blog\/\" \/>\n<meta property=\"og:locale\" content=\"en_US\" \/>\n<meta property=\"og:type\" content=\"article\" \/>\n<meta property=\"og:title\" content=\"Blog - FGS Bilgi \u0130\u015flem \u00dcr\u00fcnleri San. Tic. A.\u015e.\" \/>\n<meta property=\"og:description\" content=\"Son Geli\u015fmeler\" \/>\n<meta property=\"og:url\" content=\"https:\/\/www.fgs.com.tr\/en\/blog\/\" \/>\n<meta property=\"og:site_name\" content=\"FGS Bilgi \u0130\u015flem \u00dcr\u00fcnleri San. Tic. A.\u015e.\" \/>\n<meta property=\"article:modified_time\" content=\"2025-11-04T10:33:11+00:00\" \/>\n<meta name=\"twitter:card\" content=\"summary_large_image\" \/>\n<script type=\"application\/ld+json\" class=\"yoast-schema-graph\">{\"@context\":\"https:\/\/schema.org\",\"@graph\":[{\"@type\":\"WebPage\",\"@id\":\"https:\/\/www.fgs.com.tr\/blog\/\",\"url\":\"https:\/\/www.fgs.com.tr\/blog\/\",\"name\":\"Blog - FGS Bilgi \u0130\u015flem \u00dcr\u00fcnleri San. Tic. A.\u015e.\",\"isPartOf\":{\"@id\":\"https:\/\/www.fgs.com.tr\/#website\"},\"datePublished\":\"2023-03-09T12:54:22+00:00\",\"dateModified\":\"2025-11-04T10:33:11+00:00\",\"breadcrumb\":{\"@id\":\"https:\/\/www.fgs.com.tr\/blog\/#breadcrumb\"},\"inLanguage\":\"en-US\",\"potentialAction\":[{\"@type\":\"ReadAction\",\"target\":[\"https:\/\/www.fgs.com.tr\/blog\/\"]}]},{\"@type\":\"BreadcrumbList\",\"@id\":\"https:\/\/www.fgs.com.tr\/blog\/#breadcrumb\",\"itemListElement\":[{\"@type\":\"ListItem\",\"position\":1,\"name\":\"Anasayfa\",\"item\":\"https:\/\/www.fgs.com.tr\/\"},{\"@type\":\"ListItem\",\"position\":2,\"name\":\"Blog\"}]},{\"@type\":\"WebSite\",\"@id\":\"https:\/\/www.fgs.com.tr\/#website\",\"url\":\"https:\/\/www.fgs.com.tr\/\",\"name\":\"FGS Yaz\u0131l\u0131m\",\"description\":\"\u0130leti\u015fiminizi buluta ta\u015f\u0131y\u0131n, fark\u0131 FGS ile ya\u015fay\u0131n.\",\"publisher\":{\"@id\":\"https:\/\/www.fgs.com.tr\/#organization\"},\"potentialAction\":[{\"@type\":\"SearchAction\",\"target\":{\"@type\":\"EntryPoint\",\"urlTemplate\":\"https:\/\/www.fgs.com.tr\/?s={search_term_string}\"},\"query-input\":{\"@type\":\"PropertyValueSpecification\",\"valueRequired\":true,\"valueName\":\"search_term_string\"}}],\"inLanguage\":\"en-US\"},{\"@type\":\"Organization\",\"@id\":\"https:\/\/www.fgs.com.tr\/#organization\",\"name\":\"FGS Yaz\u0131l\u0131m\",\"url\":\"https:\/\/www.fgs.com.tr\/\",\"logo\":{\"@type\":\"ImageObject\",\"inLanguage\":\"en-US\",\"@id\":\"https:\/\/www.fgs.com.tr\/#\/schema\/logo\/image\/\",\"url\":\"https:\/\/www.fgs.com.tr\/wp-content\/uploads\/2023\/03\/l1.png\",\"contentUrl\":\"https:\/\/www.fgs.com.tr\/wp-content\/uploads\/2023\/03\/l1.png\",\"width\":195,\"height\":93,\"caption\":\"FGS Yaz\u0131l\u0131m\"},\"image\":{\"@id\":\"https:\/\/www.fgs.com.tr\/#\/schema\/logo\/image\/\"}}]}<\/script>\n<!-- \/ Yoast SEO plugin. -->","yoast_head_json":{"title":"Blog - FGS Information Processing Products Industry and Trade Inc.","robots":{"index":"index","follow":"follow","max-snippet":"max-snippet:-1","max-image-preview":"max-image-preview:large","max-video-preview":"max-video-preview:-1"},"canonical":"https:\/\/www.fgs.com.tr\/en\/blog\/","og_locale":"en_US","og_type":"article","og_title":"Blog - FGS Bilgi \u0130\u015flem \u00dcr\u00fcnleri San. Tic. A.\u015e.","og_description":"Son Geli\u015fmeler","og_url":"https:\/\/www.fgs.com.tr\/en\/blog\/","og_site_name":"FGS Bilgi \u0130\u015flem \u00dcr\u00fcnleri San. Tic. A.\u015e.","article_modified_time":"2025-11-04T10:33:11+00:00","twitter_card":"summary_large_image","schema":{"@context":"https:\/\/schema.org","@graph":[{"@type":"WebPage","@id":"https:\/\/www.fgs.com.tr\/blog\/","url":"https:\/\/www.fgs.com.tr\/blog\/","name":"Blog - FGS Information Processing Products Industry and Trade Inc.","isPartOf":{"@id":"https:\/\/www.fgs.com.tr\/#website"},"datePublished":"2023-03-09T12:54:22+00:00","dateModified":"2025-11-04T10:33:11+00:00","breadcrumb":{"@id":"https:\/\/www.fgs.com.tr\/blog\/#breadcrumb"},"inLanguage":"en-US","potentialAction":[{"@type":"ReadAction","target":["https:\/\/www.fgs.com.tr\/blog\/"]}]},{"@type":"BreadcrumbList","@id":"https:\/\/www.fgs.com.tr\/blog\/#breadcrumb","itemListElement":[{"@type":"ListItem","position":1,"name":"Anasayfa","item":"https:\/\/www.fgs.com.tr\/"},{"@type":"ListItem","position":2,"name":"Blog"}]},{"@type":"WebSite","@id":"https:\/\/www.fgs.com.tr\/#website","url":"https:\/\/www.fgs.com.tr\/","name":"FGS Software","description":"Move your communications to the cloud and experience the difference with FGS.","publisher":{"@id":"https:\/\/www.fgs.com.tr\/#organization"},"potentialAction":[{"@type":"SearchAction","target":{"@type":"EntryPoint","urlTemplate":"https:\/\/www.fgs.com.tr\/?s={search_term_string}"},"query-input":{"@type":"PropertyValueSpecification","valueRequired":true,"valueName":"search_term_string"}}],"inLanguage":"en-US"},{"@type":"Organization","@id":"https:\/\/www.fgs.com.tr\/#organization","name":"FGS Software","url":"https:\/\/www.fgs.com.tr\/","logo":{"@type":"ImageObject","inLanguage":"en-US","@id":"https:\/\/www.fgs.com.tr\/#\/schema\/logo\/image\/","url":"https:\/\/www.fgs.com.tr\/wp-content\/uploads\/2023\/03\/l1.png","contentUrl":"https:\/\/www.fgs.com.tr\/wp-content\/uploads\/2023\/03\/l1.png","width":195,"height":93,"caption":"FGS Yaz\u0131l\u0131m"},"image":{"@id":"https:\/\/www.fgs.com.tr\/#\/schema\/logo\/image\/"}}]}},"_links":{"self":[{"href":"https:\/\/www.fgs.com.tr\/en\/wp-json\/wp\/v2\/pages\/93","targetHints":{"allow":["GET"]}}],"collection":[{"href":"https:\/\/www.fgs.com.tr\/en\/wp-json\/wp\/v2\/pages"}],"about":[{"href":"https:\/\/www.fgs.com.tr\/en\/wp-json\/wp\/v2\/types\/page"}],"author":[{"embeddable":true,"href":"https:\/\/www.fgs.com.tr\/en\/wp-json\/wp\/v2\/users\/1"}],"replies":[{"embeddable":true,"href":"https:\/\/www.fgs.com.tr\/en\/wp-json\/wp\/v2\/comments?post=93"}],"version-history":[{"count":0,"href":"https:\/\/www.fgs.com.tr\/en\/wp-json\/wp\/v2\/pages\/93\/revisions"}],"wp:attachment":[{"href":"https:\/\/www.fgs.com.tr\/en\/wp-json\/wp\/v2\/media?parent=93"}],"curies":[{"name":"wp","href":"https:\/\/api.w.org\/{rel}","templated":true}]}}