{"id":83,"date":"2023-03-09T12:53:18","date_gmt":"2023-03-09T12:53:18","guid":{"rendered":"https:\/\/tecnologia.vamtam.com\/?page_id=83"},"modified":"2026-03-06T12:37:13","modified_gmt":"2026-03-06T09:37:13","slug":"contact","status":"publish","type":"page","link":"https:\/\/www.fgs.com.tr\/en\/iletisim\/","title":{"rendered":"Contact Us"},"content":{"rendered":"\t\t<div data-elementor-type=\"wp-page\" data-elementor-id=\"83\" class=\"elementor elementor-83\" data-elementor-post-type=\"page\">\n\t\t\t\t\t\t<section class=\"elementor-section elementor-top-section elementor-element elementor-element-5a5d205 elementor-section-boxed elementor-section-height-default elementor-section-height-default\" data-id=\"5a5d205\" data-element_type=\"section\">\n\t\t\t\t\t\t<div class=\"elementor-container elementor-column-gap-default\">\n\t\t\t\t\t<div class=\"elementor-column elementor-col-100 elementor-top-column elementor-element elementor-element-fbab493\" data-id=\"fbab493\" data-element_type=\"column\">\n\t\t\t<div class=\"elementor-widget-wrap elementor-element-populated\">\n\t\t\t\t\t\t<div class=\"elementor-element elementor-element-223a510 animated-slow elementor-invisible elementor-widget elementor-widget-heading\" data-id=\"223a510\" data-element_type=\"widget\" data-settings=\"{&quot;_animation&quot;:&quot;fadeIn&quot;,&quot;_animation_tablet&quot;:&quot;none&quot;}\" data-widget_type=\"heading.default\">\n\t\t\t\t<div class=\"elementor-widget-container\">\n\t\t\t\t\t<h1 class=\"elementor-heading-title elementor-size-default\">Size Yard\u0131m Etmek \u0130\u00e7in Buraday\u0131z<\/h1>\t\t\t\t<\/div>\n\t\t\t\t<\/div>\n\t\t\t\t\t<\/div>\n\t\t<\/div>\n\t\t\t\t\t<\/div>\n\t\t<\/section>\n\t\t\t\t<section class=\"elementor-section elementor-top-section elementor-element elementor-element-e59c6f9 elementor-section-content-middle elementor-section-boxed elementor-section-height-default elementor-section-height-default\" data-id=\"e59c6f9\" data-element_type=\"section\">\n\t\t\t\t\t\t<div class=\"elementor-container elementor-column-gap-no\">\n\t\t\t\t\t<div class=\"elementor-column elementor-col-100 elementor-top-column elementor-element elementor-element-e026acc\" data-id=\"e026acc\" data-element_type=\"column\">\n\t\t\t<div class=\"elementor-widget-wrap elementor-element-populated\">\n\t\t\t\t\t\t<div class=\"elementor-element elementor-element-00a8e80 elementor-widget elementor-widget-text-editor\" data-id=\"00a8e80\" data-element_type=\"widget\" data-widget_type=\"text-editor.default\">\n\t\t\t\t<div class=\"elementor-widget-container\">\n\t\t\t\t\t\t\t\t\t<p>\u00a0 \u00a0 \u00a0M\u00fc\u015fteri Hizmetleri:<\/p>\t\t\t\t\t\t\t\t<\/div>\n\t\t\t\t<\/div>\n\t\t\t\t<div class=\"vamtam-has-theme-widget-styles elementor-element elementor-element-1d9f19f elementor-mobile-align-center elementor-align-justify elementor-widget elementor-widget-button\" data-id=\"1d9f19f\" data-element_type=\"widget\" data-widget_type=\"button.default\">\n\t\t\t\t<div class=\"elementor-widget-container\">\n\t\t\t\t\t\t\t\t\t<div class=\"elementor-button-wrapper\">\n\t\t\t\t\t<a class=\"elementor-button elementor-button-link elementor-size-sm\" href=\"tel:+90%20(212)%20275%2015%2015\">\n\t\t\t\t\t\t<span class=\"elementor-button-content-wrapper\">\n\t\t\t\t\t\t\t\t\t<span class=\"elementor-button-text\">+90 (212) 275 15 15<\/span>\n\t\t\t\t\t<\/span>\n\t\t\t\t\t<\/a>\n\t\t\t\t<\/div>\n\t\t\t\t\t\t\t\t<\/div>\n\t\t\t\t<\/div>\n\t\t\t\t\t<\/div>\n\t\t<\/div>\n\t\t\t\t\t<\/div>\n\t\t<\/section>\n\t\t\t\t<section class=\"elementor-section elementor-top-section elementor-element elementor-element-7741ee3 elementor-section-boxed elementor-section-height-default elementor-section-height-default\" data-id=\"7741ee3\" data-element_type=\"section\">\n\t\t\t\t\t\t<div class=\"elementor-container elementor-column-gap-no\">\n\t\t\t\t\t<div class=\"elementor-column elementor-col-100 elementor-top-column elementor-element elementor-element-fa1eeb8\" data-id=\"fa1eeb8\" data-element_type=\"column\">\n\t\t\t<div class=\"elementor-widget-wrap elementor-element-populated\">\n\t\t\t\t\t\t<div class=\"vamtam-has-theme-widget-styles elementor-element elementor-element-ae3f462 elementor-align-center elementor-mobile-align-center elementor-widget elementor-widget-button\" data-id=\"ae3f462\" data-element_type=\"widget\" data-widget_type=\"button.default\">\n\t\t\t\t<div class=\"elementor-widget-container\">\n\t\t\t\t\t\t\t\t\t<div class=\"elementor-button-wrapper\">\n\t\t\t\t\t<a class=\"elementor-button elementor-button-link elementor-size-sm\" href=\"\/iletisim\/#form\" target=\"_blank\">\n\t\t\t\t\t\t<span class=\"elementor-button-content-wrapper\">\n\t\t\t\t\t\t\t\t\t<span class=\"elementor-button-text\">Demo Talep Et<\/span>\n\t\t\t\t\t<\/span>\n\t\t\t\t\t<\/a>\n\t\t\t\t<\/div>\n\t\t\t\t\t\t\t\t<\/div>\n\t\t\t\t<\/div>\n\t\t\t\t<div class=\"elementor-element elementor-element-4863de0 elementor-widget elementor-widget-spacer\" data-id=\"4863de0\" data-element_type=\"widget\" data-widget_type=\"spacer.default\">\n\t\t\t\t<div class=\"elementor-widget-container\">\n\t\t\t\t\t\t\t<div class=\"elementor-spacer\">\n\t\t\t<div class=\"elementor-spacer-inner\"><\/div>\n\t\t<\/div>\n\t\t\t\t\t\t<\/div>\n\t\t\t\t<\/div>\n\t\t\t\t\t<\/div>\n\t\t<\/div>\n\t\t\t\t\t<\/div>\n\t\t<\/section>\n\t\t\t\t<section class=\"elementor-section elementor-top-section elementor-element elementor-element-397931f elementor-section-boxed elementor-section-height-default elementor-section-height-default\" data-id=\"397931f\" data-element_type=\"section\">\n\t\t\t\t\t\t<div class=\"elementor-container elementor-column-gap-default\">\n\t\t\t\t\t<div class=\"elementor-column elementor-col-100 elementor-top-column elementor-element elementor-element-d472305\" data-id=\"d472305\" data-element_type=\"column\" data-settings=\"{&quot;background_background&quot;:&quot;classic&quot;}\">\n\t\t\t<div class=\"elementor-widget-wrap elementor-element-populated\">\n\t\t\t\t\t\t<div class=\"elementor-element elementor-element-4acaeb4 elementor-widget elementor-widget-spacer\" data-id=\"4acaeb4\" data-element_type=\"widget\" data-widget_type=\"spacer.default\">\n\t\t\t\t<div class=\"elementor-widget-container\">\n\t\t\t\t\t\t\t<div class=\"elementor-spacer\">\n\t\t\t<div class=\"elementor-spacer-inner\"><\/div>\n\t\t<\/div>\n\t\t\t\t\t\t<\/div>\n\t\t\t\t<\/div>\n\t\t\t\t\t<\/div>\n\t\t<\/div>\n\t\t\t\t\t<\/div>\n\t\t<\/section>\n\t\t\t\t<section class=\"elementor-section elementor-top-section elementor-element elementor-element-26e26eb elementor-section-content-middle elementor-section-boxed elementor-section-height-default elementor-section-height-default\" data-id=\"26e26eb\" data-element_type=\"section\">\n\t\t\t\t\t\t<div class=\"elementor-container elementor-column-gap-no\">\n\t\t\t\t\t<div class=\"elementor-column elementor-col-50 elementor-top-column elementor-element elementor-element-b70abb1\" data-id=\"b70abb1\" data-element_type=\"column\">\n\t\t\t<div class=\"elementor-widget-wrap elementor-element-populated\">\n\t\t\t\t\t\t<div class=\"elementor-element elementor-element-eff5a0f elementor-widget elementor-widget-heading\" data-id=\"eff5a0f\" data-element_type=\"widget\" data-widget_type=\"heading.default\">\n\t\t\t\t<div class=\"elementor-widget-container\">\n\t\t\t\t\t<h2 class=\"elementor-heading-title elementor-size-default\">Ofis Adresi<\/h2>\t\t\t\t<\/div>\n\t\t\t\t<\/div>\n\t\t\t\t<div class=\"elementor-element elementor-element-4dd2783 elementor-widget elementor-widget-text-editor\" data-id=\"4dd2783\" data-element_type=\"widget\" data-widget_type=\"text-editor.default\">\n\t\t\t\t<div class=\"elementor-widget-container\">\n\t\t\t\t\t\t\t\t\t<p>\u00c7iftehavuzlar Mah. Y\u0131ld\u0131z Teknik \u00dcniversitesi &#8211; Davutpa\u015fa Kamp\u00fcs\u00fc 151\/1E C1 Blok Kat:1 No:301, 34220 Esenler<\/p>\t\t\t\t\t\t\t\t<\/div>\n\t\t\t\t<\/div>\n\t\t\t\t<div class=\"vamtam-has-theme-widget-styles elementor-element elementor-element-c796c5e elementor-widget elementor-widget-button\" data-id=\"c796c5e\" data-element_type=\"widget\" data-widget_type=\"button.default\">\n\t\t\t\t<div class=\"elementor-widget-container\">\n\t\t\t\t\t\t\t\t\t<div class=\"elementor-button-wrapper\">\n\t\t\t\t\t<a class=\"elementor-button elementor-button-link elementor-size-sm\" href=\"tel:+90%20(212)%20275%2015%2015\">\n\t\t\t\t\t\t<span class=\"elementor-button-content-wrapper\">\n\t\t\t\t\t\t\t\t\t<span class=\"elementor-button-text\"> +90 (212) 275 15 15<\/span>\n\t\t\t\t\t<\/span>\n\t\t\t\t\t<\/a>\n\t\t\t\t<\/div>\n\t\t\t\t\t\t\t\t<\/div>\n\t\t\t\t<\/div>\n\t\t\t\t\t<\/div>\n\t\t<\/div>\n\t\t\t\t<div class=\"elementor-column elementor-col-50 elementor-top-column elementor-element elementor-element-80dad01\" data-id=\"80dad01\" data-element_type=\"column\" data-settings=\"{&quot;background_background&quot;:&quot;classic&quot;,&quot;background_motion_fx_motion_fx_scrolling&quot;:&quot;yes&quot;,&quot;background_motion_fx_translateX_effect&quot;:&quot;yes&quot;,&quot;background_motion_fx_translateX_speed&quot;:{&quot;unit&quot;:&quot;px&quot;,&quot;size&quot;:3,&quot;sizes&quot;:[]},&quot;background_motion_fx_devices&quot;:[&quot;desktop&quot;],&quot;background_motion_fx_translateX_affectedRange&quot;:{&quot;unit&quot;:&quot;%&quot;,&quot;size&quot;:&quot;&quot;,&quot;sizes&quot;:{&quot;start&quot;:0,&quot;end&quot;:100}}}\">\n\t\t\t<div class=\"elementor-widget-wrap elementor-element-populated\">\n\t\t\t\t\t\t<div class=\"elementor-element elementor-element-188471b elementor-widget elementor-widget-spacer\" data-id=\"188471b\" data-element_type=\"widget\" data-widget_type=\"spacer.default\">\n\t\t\t\t<div class=\"elementor-widget-container\">\n\t\t\t\t\t\t\t<div class=\"elementor-spacer\">\n\t\t\t<div class=\"elementor-spacer-inner\"><\/div>\n\t\t<\/div>\n\t\t\t\t\t\t<\/div>\n\t\t\t\t<\/div>\n\t\t\t\t<div class=\"elementor-element elementor-element-b61a8b0 elementor-widget elementor-widget-html\" data-id=\"b61a8b0\" data-element_type=\"widget\" data-widget_type=\"html.default\">\n\t\t\t\t<div class=\"elementor-widget-container\">\n\t\t\t\t\t<iframe src=\"https:\/\/www.google.com\/maps\/embed?pb=!1m18!1m12!1m3!1d3010.2256153546714!2d28.8902187!3d41.020319699999995!2m3!1f0!2f0!3f0!3m2!1i1024!2i768!4f13.1!3m3!1m2!1s0x14cabae222e627cd%3A0x7e0a861d3bedda39!2zRkdTIEJpbGdpIMSwxZ9sZW0gw5xyw7xubGVyaQ!5e0!3m2!1str!2str!4v1761552085603!5m2!1str!2str\" width=\"600\" height=\"450\" style=\"border:0;\" allowfullscreen=\"\" loading=\"lazy\" referrerpolicy=\"no-referrer-when-downgrade\"><\/iframe>\t\t\t\t<\/div>\n\t\t\t\t<\/div>\n\t\t\t\t\t<\/div>\n\t\t<\/div>\n\t\t\t\t\t<\/div>\n\t\t<\/section>\n\t\t\t\t<\/div>\n\t\t","protected":false},"excerpt":{"rendered":"<p>Size Yard\u0131m Etmek \u0130\u00e7in Buraday\u0131z \u00a0 \u00a0 \u00a0M\u00fc\u015fteri Hizmetleri: +90 (212) 275 15 15 Demo Talep Et Ofis Adresi \u00c7iftehavuzlar Mah. Y\u0131ld\u0131z Teknik \u00dcniversitesi &#8211; Davutpa\u015fa Kamp\u00fcs\u00fc 151\/1E C1 Blok Kat:1 No:301, 34220 Esenler +90 (212) 275 15 15<\/p>","protected":false},"author":1,"featured_media":6948,"parent":0,"menu_order":0,"comment_status":"closed","ping_status":"closed","template":"","meta":{"footnotes":""},"class_list":["post-83","page","type-page","status-publish","has-post-thumbnail","hentry"],"yoast_head":"<!-- This site is optimized with the Yoast SEO plugin v26.4 - https:\/\/yoast.com\/wordpress\/plugins\/seo\/ -->\n<title>\u0130leti\u015fim - FGS Bilgi \u0130\u015flem \u00dcr\u00fcnleri San. Tic. A.\u015e.<\/title>\n<meta name=\"description\" content=\"FGS destek talep formu ile teknik destek iste\u011finizi h\u0131zl\u0131ca iletin ve uzman ekipten \u00e7\u00f6z\u00fcm deste\u011fi al\u0131n. \u0130leti\u015fime ge\u00e7in bizimle...\" \/>\n<meta name=\"robots\" content=\"index, follow, max-snippet:-1, max-image-preview:large, max-video-preview:-1\" \/>\n<link rel=\"canonical\" href=\"https:\/\/www.fgs.com.tr\/en\/contact\/\" \/>\n<meta property=\"og:locale\" content=\"en_US\" \/>\n<meta property=\"og:type\" content=\"article\" \/>\n<meta property=\"og:title\" content=\"\u0130leti\u015fim - FGS Bilgi \u0130\u015flem \u00dcr\u00fcnleri San. Tic. A.\u015e.\" \/>\n<meta property=\"og:description\" content=\"FGS destek talep formu ile teknik destek iste\u011finizi h\u0131zl\u0131ca iletin ve uzman ekipten \u00e7\u00f6z\u00fcm deste\u011fi al\u0131n. \u0130leti\u015fime ge\u00e7in bizimle...\" \/>\n<meta property=\"og:url\" content=\"https:\/\/www.fgs.com.tr\/en\/contact\/\" \/>\n<meta property=\"og:site_name\" content=\"FGS Bilgi \u0130\u015flem \u00dcr\u00fcnleri San. Tic. A.\u015e.\" \/>\n<meta property=\"article:modified_time\" content=\"2026-03-06T09:37:13+00:00\" \/>\n<meta property=\"og:image\" content=\"https:\/\/www.fgs.com.tr\/wp-content\/uploads\/2023\/04\/pexels-photomix-company-518244.jpg\" \/>\n\t<meta property=\"og:image:width\" content=\"2560\" \/>\n\t<meta property=\"og:image:height\" content=\"688\" \/>\n\t<meta property=\"og:image:type\" content=\"image\/jpeg\" \/>\n<meta name=\"twitter:card\" content=\"summary_large_image\" \/>\n<meta name=\"twitter:label1\" content=\"Est. reading time\" \/>\n\t<meta name=\"twitter:data1\" content=\"1 minute\" \/>\n<script type=\"application\/ld+json\" class=\"yoast-schema-graph\">{\"@context\":\"https:\/\/schema.org\",\"@graph\":[{\"@type\":\"WebPage\",\"@id\":\"https:\/\/www.fgs.com.tr\/iletisim\/\",\"url\":\"https:\/\/www.fgs.com.tr\/iletisim\/\",\"name\":\"\u0130leti\u015fim - FGS Bilgi \u0130\u015flem \u00dcr\u00fcnleri San. Tic. A.\u015e.\",\"isPartOf\":{\"@id\":\"https:\/\/www.fgs.com.tr\/#website\"},\"primaryImageOfPage\":{\"@id\":\"https:\/\/www.fgs.com.tr\/iletisim\/#primaryimage\"},\"image\":{\"@id\":\"https:\/\/www.fgs.com.tr\/iletisim\/#primaryimage\"},\"thumbnailUrl\":\"https:\/\/www.fgs.com.tr\/wp-content\/uploads\/2023\/04\/pexels-photomix-company-518244.jpg\",\"datePublished\":\"2023-03-09T12:53:18+00:00\",\"dateModified\":\"2026-03-06T09:37:13+00:00\",\"description\":\"FGS destek talep formu ile teknik destek iste\u011finizi h\u0131zl\u0131ca iletin ve uzman ekipten \u00e7\u00f6z\u00fcm deste\u011fi al\u0131n. \u0130leti\u015fime ge\u00e7in bizimle...\",\"breadcrumb\":{\"@id\":\"https:\/\/www.fgs.com.tr\/iletisim\/#breadcrumb\"},\"inLanguage\":\"en-US\",\"potentialAction\":[{\"@type\":\"ReadAction\",\"target\":[\"https:\/\/www.fgs.com.tr\/iletisim\/\"]}]},{\"@type\":\"ImageObject\",\"inLanguage\":\"en-US\",\"@id\":\"https:\/\/www.fgs.com.tr\/iletisim\/#primaryimage\",\"url\":\"https:\/\/www.fgs.com.tr\/wp-content\/uploads\/2023\/04\/pexels-photomix-company-518244.jpg\",\"contentUrl\":\"https:\/\/www.fgs.com.tr\/wp-content\/uploads\/2023\/04\/pexels-photomix-company-518244.jpg\",\"width\":2560,\"height\":688},{\"@type\":\"BreadcrumbList\",\"@id\":\"https:\/\/www.fgs.com.tr\/iletisim\/#breadcrumb\",\"itemListElement\":[{\"@type\":\"ListItem\",\"position\":1,\"name\":\"Anasayfa\",\"item\":\"https:\/\/www.fgs.com.tr\/\"},{\"@type\":\"ListItem\",\"position\":2,\"name\":\"\u0130leti\u015fim\"}]},{\"@type\":\"WebSite\",\"@id\":\"https:\/\/www.fgs.com.tr\/#website\",\"url\":\"https:\/\/www.fgs.com.tr\/\",\"name\":\"FGS Yaz\u0131l\u0131m\",\"description\":\"\u0130leti\u015fiminizi buluta ta\u015f\u0131y\u0131n, fark\u0131 FGS ile ya\u015fay\u0131n.\",\"publisher\":{\"@id\":\"https:\/\/www.fgs.com.tr\/#organization\"},\"potentialAction\":[{\"@type\":\"SearchAction\",\"target\":{\"@type\":\"EntryPoint\",\"urlTemplate\":\"https:\/\/www.fgs.com.tr\/?s={search_term_string}\"},\"query-input\":{\"@type\":\"PropertyValueSpecification\",\"valueRequired\":true,\"valueName\":\"search_term_string\"}}],\"inLanguage\":\"en-US\"},{\"@type\":\"Organization\",\"@id\":\"https:\/\/www.fgs.com.tr\/#organization\",\"name\":\"FGS Yaz\u0131l\u0131m\",\"url\":\"https:\/\/www.fgs.com.tr\/\",\"logo\":{\"@type\":\"ImageObject\",\"inLanguage\":\"en-US\",\"@id\":\"https:\/\/www.fgs.com.tr\/#\/schema\/logo\/image\/\",\"url\":\"https:\/\/www.fgs.com.tr\/wp-content\/uploads\/2023\/03\/l1.png\",\"contentUrl\":\"https:\/\/www.fgs.com.tr\/wp-content\/uploads\/2023\/03\/l1.png\",\"width\":195,\"height\":93,\"caption\":\"FGS Yaz\u0131l\u0131m\"},\"image\":{\"@id\":\"https:\/\/www.fgs.com.tr\/#\/schema\/logo\/image\/\"}}]}<\/script>\n<!-- \/ Yoast SEO plugin. -->","yoast_head_json":{"title":"Contact - FGS Information Processing Products Industry and Trade Inc.","description":"Submit your technical support request quickly using the FGS support request form and receive solution support from our expert team. Get in touch with us...","robots":{"index":"index","follow":"follow","max-snippet":"max-snippet:-1","max-image-preview":"max-image-preview:large","max-video-preview":"max-video-preview:-1"},"canonical":"https:\/\/www.fgs.com.tr\/en\/contact\/","og_locale":"en_US","og_type":"article","og_title":"\u0130leti\u015fim - FGS Bilgi \u0130\u015flem \u00dcr\u00fcnleri San. Tic. A.\u015e.","og_description":"FGS destek talep formu ile teknik destek iste\u011finizi h\u0131zl\u0131ca iletin ve uzman ekipten \u00e7\u00f6z\u00fcm deste\u011fi al\u0131n. \u0130leti\u015fime ge\u00e7in bizimle...","og_url":"https:\/\/www.fgs.com.tr\/en\/contact\/","og_site_name":"FGS Bilgi \u0130\u015flem \u00dcr\u00fcnleri San. Tic. A.\u015e.","article_modified_time":"2026-03-06T09:37:13+00:00","og_image":[{"width":2560,"height":688,"url":"https:\/\/www.fgs.com.tr\/wp-content\/uploads\/2023\/04\/pexels-photomix-company-518244.jpg","type":"image\/jpeg"}],"twitter_card":"summary_large_image","twitter_misc":{"Est. reading time":"1 minute"},"schema":{"@context":"https:\/\/schema.org","@graph":[{"@type":"WebPage","@id":"https:\/\/www.fgs.com.tr\/iletisim\/","url":"https:\/\/www.fgs.com.tr\/iletisim\/","name":"Contact - FGS Information Processing Products Industry and Trade Inc.","isPartOf":{"@id":"https:\/\/www.fgs.com.tr\/#website"},"primaryImageOfPage":{"@id":"https:\/\/www.fgs.com.tr\/iletisim\/#primaryimage"},"image":{"@id":"https:\/\/www.fgs.com.tr\/iletisim\/#primaryimage"},"thumbnailUrl":"https:\/\/www.fgs.com.tr\/wp-content\/uploads\/2023\/04\/pexels-photomix-company-518244.jpg","datePublished":"2023-03-09T12:53:18+00:00","dateModified":"2026-03-06T09:37:13+00:00","description":"Submit your technical support request quickly using the FGS support request form and receive solution support from our expert team. Get in touch with us...","breadcrumb":{"@id":"https:\/\/www.fgs.com.tr\/iletisim\/#breadcrumb"},"inLanguage":"en-US","potentialAction":[{"@type":"ReadAction","target":["https:\/\/www.fgs.com.tr\/iletisim\/"]}]},{"@type":"ImageObject","inLanguage":"en-US","@id":"https:\/\/www.fgs.com.tr\/iletisim\/#primaryimage","url":"https:\/\/www.fgs.com.tr\/wp-content\/uploads\/2023\/04\/pexels-photomix-company-518244.jpg","contentUrl":"https:\/\/www.fgs.com.tr\/wp-content\/uploads\/2023\/04\/pexels-photomix-company-518244.jpg","width":2560,"height":688},{"@type":"BreadcrumbList","@id":"https:\/\/www.fgs.com.tr\/iletisim\/#breadcrumb","itemListElement":[{"@type":"ListItem","position":1,"name":"Anasayfa","item":"https:\/\/www.fgs.com.tr\/"},{"@type":"ListItem","position":2,"name":"\u0130leti\u015fim"}]},{"@type":"WebSite","@id":"https:\/\/www.fgs.com.tr\/#website","url":"https:\/\/www.fgs.com.tr\/","name":"FGS Software","description":"Move your communications to the cloud and experience the difference with FGS.","publisher":{"@id":"https:\/\/www.fgs.com.tr\/#organization"},"potentialAction":[{"@type":"SearchAction","target":{"@type":"EntryPoint","urlTemplate":"https:\/\/www.fgs.com.tr\/?s={search_term_string}"},"query-input":{"@type":"PropertyValueSpecification","valueRequired":true,"valueName":"search_term_string"}}],"inLanguage":"en-US"},{"@type":"Organization","@id":"https:\/\/www.fgs.com.tr\/#organization","name":"FGS Software","url":"https:\/\/www.fgs.com.tr\/","logo":{"@type":"ImageObject","inLanguage":"en-US","@id":"https:\/\/www.fgs.com.tr\/#\/schema\/logo\/image\/","url":"https:\/\/www.fgs.com.tr\/wp-content\/uploads\/2023\/03\/l1.png","contentUrl":"https:\/\/www.fgs.com.tr\/wp-content\/uploads\/2023\/03\/l1.png","width":195,"height":93,"caption":"FGS Yaz\u0131l\u0131m"},"image":{"@id":"https:\/\/www.fgs.com.tr\/#\/schema\/logo\/image\/"}}]}},"_links":{"self":[{"href":"https:\/\/www.fgs.com.tr\/en\/wp-json\/wp\/v2\/pages\/83","targetHints":{"allow":["GET"]}}],"collection":[{"href":"https:\/\/www.fgs.com.tr\/en\/wp-json\/wp\/v2\/pages"}],"about":[{"href":"https:\/\/www.fgs.com.tr\/en\/wp-json\/wp\/v2\/types\/page"}],"author":[{"embeddable":true,"href":"https:\/\/www.fgs.com.tr\/en\/wp-json\/wp\/v2\/users\/1"}],"replies":[{"embeddable":true,"href":"https:\/\/www.fgs.com.tr\/en\/wp-json\/wp\/v2\/comments?post=83"}],"version-history":[{"count":0,"href":"https:\/\/www.fgs.com.tr\/en\/wp-json\/wp\/v2\/pages\/83\/revisions"}],"wp:featuredmedia":[{"embeddable":true,"href":"https:\/\/www.fgs.com.tr\/en\/wp-json\/wp\/v2\/media\/6948"}],"wp:attachment":[{"href":"https:\/\/www.fgs.com.tr\/en\/wp-json\/wp\/v2\/media?parent=83"}],"curies":[{"name":"wp","href":"https:\/\/api.w.org\/{rel}","templated":true}]}}