{"id":2218,"date":"2023-03-17T12:06:56","date_gmt":"2023-03-17T12:06:56","guid":{"rendered":"https:\/\/tecnologia.vamtam.com\/?page_id=2218"},"modified":"2025-11-26T13:01:58","modified_gmt":"2025-11-26T10:01:58","slug":"why-us","status":"publish","type":"page","link":"https:\/\/www.fgs.com.tr\/en\/neden-biz\/","title":{"rendered":"Why Us?"},"content":{"rendered":"<div data-elementor-type=\"wp-page\" data-elementor-id=\"2218\" class=\"elementor elementor-2218\" data-elementor-post-type=\"page\">\n\t\t\t\t\t\t<section class=\"elementor-section elementor-top-section elementor-element elementor-element-c5b6a38 elementor-section-boxed elementor-section-height-default elementor-section-height-default\" data-id=\"c5b6a38\" data-element_type=\"section\">\n\t\t\t\t\t\t<div class=\"elementor-container elementor-column-gap-default\">\n\t\t\t\t\t<div class=\"elementor-column elementor-col-100 elementor-top-column elementor-element elementor-element-cda3084\" data-id=\"cda3084\" data-element_type=\"column\">\n\t\t\t<div class=\"elementor-widget-wrap elementor-element-populated\">\n\t\t\t\t\t\t<div class=\"elementor-element elementor-element-9cd4847 animated-slow elementor-invisible elementor-widget elementor-widget-heading\" data-id=\"9cd4847\" data-element_type=\"widget\" data-settings=\"{&quot;_animation&quot;:&quot;fadeIn&quot;,&quot;_animation_tablet&quot;:&quot;none&quot;}\" data-widget_type=\"heading.default\">\n\t\t\t\t<div class=\"elementor-widget-container\">\n\t\t\t\t\t<h1 class=\"elementor-heading-title elementor-size-default\">Why FGS?<\/h1>\t\t\t\t<\/div>\n\t\t\t\t<\/div>\n\t\t\t\t<div class=\"elementor-element elementor-element-2d0c158 animated-slow elementor-invisible elementor-widget elementor-widget-heading\" data-id=\"2d0c158\" data-element_type=\"widget\" data-settings=\"{&quot;_animation&quot;:&quot;fadeIn&quot;,&quot;_animation_tablet&quot;:&quot;none&quot;,&quot;_animation_delay&quot;:300}\" data-widget_type=\"heading.default\">\n\t\t\t\t<div class=\"elementor-widget-container\">\n\t\t\t\t\t<p class=\"elementor-heading-title elementor-size-default\">Over 20 Years of Experience, Future-Oriented Technology.<\/p>\t\t\t\t<\/div>\n\t\t\t\t<\/div>\n\t\t\t\t<div class=\"elementor-element elementor-element-3c03485 elementor-widget elementor-widget-spacer\" data-id=\"3c03485\" data-element_type=\"widget\" data-widget_type=\"spacer.default\">\n\t\t\t\t<div class=\"elementor-widget-container\">\n\t\t\t\t\t\t\t<div class=\"elementor-spacer\">\n\t\t\t<div class=\"elementor-spacer-inner\"><\/div>\n\t\t<\/div>\n\t\t\t\t\t\t<\/div>\n\t\t\t\t<\/div>\n\t\t\t\t\t<\/div>\n\t\t<\/div>\n\t\t\t\t\t<\/div>\n\t\t<\/section>\n\t\t\t\t<section class=\"elementor-section elementor-top-section elementor-element elementor-element-fc7247f elementor-section-boxed elementor-section-height-default elementor-section-height-default\" data-id=\"fc7247f\" data-element_type=\"section\" data-settings=\"{&quot;animation&quot;:&quot;none&quot;,&quot;animation_tablet&quot;:&quot;none&quot;}\">\n\t\t\t\t\t\t<div class=\"elementor-container elementor-column-gap-default\">\n\t\t\t\t\t<div class=\"elementor-column elementor-col-100 elementor-top-column elementor-element elementor-element-5aa7b86\" data-id=\"5aa7b86\" data-element_type=\"column\" data-settings=\"{&quot;background_background&quot;:&quot;classic&quot;}\">\n\t\t\t<div class=\"elementor-widget-wrap elementor-element-populated\">\n\t\t\t\t\t\t<div class=\"elementor-element elementor-element-ddfc2f7 elementor-widget elementor-widget-spacer\" data-id=\"ddfc2f7\" data-element_type=\"widget\" data-widget_type=\"spacer.default\">\n\t\t\t\t<div class=\"elementor-widget-container\">\n\t\t\t\t\t\t\t<div class=\"elementor-spacer\">\n\t\t\t<div class=\"elementor-spacer-inner\"><\/div>\n\t\t<\/div>\n\t\t\t\t\t\t<\/div>\n\t\t\t\t<\/div>\n\t\t\t\t\t<\/div>\n\t\t<\/div>\n\t\t\t\t\t<\/div>\n\t\t<\/section>\n\t\t\t\t<section class=\"elementor-section elementor-top-section elementor-element elementor-element-2d17358 elementor-section-boxed elementor-section-height-default elementor-section-height-default\" data-id=\"2d17358\" data-element_type=\"section\">\n\t\t\t\t\t\t<div class=\"elementor-container elementor-column-gap-no\">\n\t\t\t\t\t<div class=\"elementor-column elementor-col-100 elementor-top-column elementor-element elementor-element-6e9e7c4\" data-id=\"6e9e7c4\" data-element_type=\"column\">\n\t\t\t<div class=\"elementor-widget-wrap elementor-element-populated\">\n\t\t\t\t\t\t<div class=\"elementor-element elementor-element-969f69a elementor-widget elementor-widget-text-editor\" data-id=\"969f69a\" data-element_type=\"widget\" data-widget_type=\"text-editor.default\">\n\t\t\t\t<div class=\"elementor-widget-container\">\n\t\t\t\t\t\t\t\t\t<h3 data-start=\"188\" data-end=\"245\"><strong data-start=\"192\" data-end=\"243\">Over 20 Years of Experience, Future-Oriented Technology.<\/span><\/h3>\n<p data-start=\"246\" data-end=\"528\">Operating in the field of voice and communication technologies since 2003. <a href=\"https:\/\/www.fgs.com.tr\/en\/\" target=\"_blank\" rel=\"noopener\">FGS <\/a>, T\u00fcrkiye\u2019nin \u00f6nde gelen kurumsal ileti\u015fim \u00e7\u00f6z\u00fcm sa\u011flay\u0131c\u0131lar\u0131ndand\u0131r. Vodafone Holding\u2019in %50 ortakl\u0131\u011f\u0131yla g\u00fc\u00e7lenen \u015firket, haberle\u015fme altyap\u0131lar\u0131n\u0131 gelece\u011fin teknolojileriyle bulu\u015fturur.<\/p>\n\n<h3 data-start=\"530\" data-end=\"589\"><strong data-start=\"534\" data-end=\"587\">Strong Technological Infrastructure and Wide Product Range<\/span><\/h3>\n<p data-start=\"590\" data-end=\"941\">FGS digitizes organizations&#039; communication processes with its Audible Dialing (ACD) systems, IVR solutions, Call Center Management Systems, IP-based telephone exchanges, teleconferencing and cloud PBX services, as well as Unified Communication as a Service (UCaaS) and Microsoft Teams Phone integrations.<\/p>\n\n<h3 data-start=\"943\" data-end=\"983\"><strong data-start=\"947\" data-end=\"981\">Artificial Intelligence and IoT Integration<\/span><\/h3>\n<p data-start=\"984\" data-end=\"1278\">Through its AI-powered telecommunications products and IoT-based Automated Dialing Systems, FGS enables organizations to make a difference in call processes, data analysis, and customer experience. FGS brings operational efficiency to businesses of all sizes.<\/p>\n\n<h3 data-start=\"1280\" data-end=\"1334\"><strong data-start=\"1284\" data-end=\"1332\">Reliable Business Partnerships and Widespread Use<\/span><\/h3>\n<p data-start=\"1335\" data-end=\"1603\">Public institutions, large businesses, SMEs, and industry leaders trust FGS solutions. 186 Alo Electric Services, investment companies, tourism brands, and manufacturing facilities have transformed their communication processes with FGS technologies.<\/p>\n\n<h3 data-start=\"1605\" data-end=\"1652\"><strong data-start=\"1609\" data-end=\"1650\">Scalable Communication Powered by the Cloud<\/span><\/h3>\n<p data-start=\"1653\" data-end=\"1937\">Cloud communication platform developed by FGS <strong data-start=\"1699\" data-end=\"1710\">Soundware<\/span>, It serves over 100,000 active users. Used in the infrastructure of major operators such as Vodafone, T\u00fcrk Telekom, and \u0130\u015fNet, this system stands out for its reliability and performance.<\/p>\n\n<h3 data-start=\"1939\" data-end=\"1991\"><strong data-start=\"1943\" data-end=\"1989\">A Vision Strengthened by Strategic Partnerships<\/span><\/h3>\n<p data-start=\"1992\" data-end=\"2240\">Vodafone Holding\u2019in 2021\u2019de ger\u00e7ekle\u015ftirdi\u011fi %50 ortakl\u0131k yat\u0131r\u0131m\u0131, FGS\u2019nin teknoloji vizyonunu daha da g\u00fc\u00e7lendirmi\u015ftir. Bu stratejik ortakl\u0131k, yenilik\u00e7i \u00e7\u00f6z\u00fcmlerle global \u00f6l\u00e7ekte rekabet g\u00fcc\u00fcn\u00fc art\u0131rmaktad\u0131r.<\/p>\t\t\t\t\t\t\t\t<\/div>\n\t\t\t\t<\/div>\n\t\t\t\t\t<\/div>\n\t\t<\/div>\n\t\t\t\t\t<\/div>\n\t\t<\/section>\n\t\t\t\t<section class=\"elementor-section elementor-top-section elementor-element elementor-element-825c3e8 elementor-section-boxed elementor-section-height-default elementor-section-height-default\" data-id=\"825c3e8\" data-element_type=\"section\">\n\t\t\t\t\t\t<div class=\"elementor-container elementor-column-gap-no\">\n\t\t\t\t\t<div class=\"elementor-column elementor-col-100 elementor-top-column elementor-element elementor-element-d1dcd31\" data-id=\"d1dcd31\" data-element_type=\"column\">\n\t\t\t<div class=\"elementor-widget-wrap elementor-element-populated\">\n\t\t\t\t\t\t<div class=\"elementor-element elementor-element-f652bba elementor-widget-divider--view-line elementor-widget elementor-widget-divider\" data-id=\"f652bba\" data-element_type=\"widget\" data-widget_type=\"divider.default\">\n\t\t\t\t<div class=\"elementor-widget-container\">\n\t\t\t\t\t\t\t<div class=\"elementor-divider\">\n\t\t\t<span class=\"elementor-divider-separator\">\n\t\t\t\t\t\t<\/span>\n\t\t<\/div>\n\t\t\t\t\t\t<\/div>\n\t\t\t\t<\/div>\n\t\t\t\t\t<\/div>\n\t\t<\/div>\n\t\t\t\t\t<\/div>\n\t\t<\/section>\n\t\t\t\t<section class=\"elementor-section elementor-top-section elementor-element elementor-element-a8b01ef elementor-section-boxed elementor-section-height-default elementor-section-height-default\" data-id=\"a8b01ef\" data-element_type=\"section\">\n\t\t\t\t\t\t<div class=\"elementor-container elementor-column-gap-no\">\n\t\t\t\t\t<div class=\"elementor-column elementor-col-33 elementor-top-column elementor-element elementor-element-ec72eb9 elementor-invisible\" data-id=\"ec72eb9\" data-element_type=\"column\" data-settings=\"{&quot;animation&quot;:&quot;fadeIn&quot;,&quot;animation_delay&quot;:200}\">\n\t\t\t<div class=\"elementor-widget-wrap elementor-element-populated\">\n\t\t\t\t\t\t<div class=\"vamtam-has-theme-widget-styles elementor-element elementor-element-f408191 elementor-view-default elementor-position-top elementor-mobile-position-top elementor-widget elementor-widget-icon-box\" data-id=\"f408191\" data-element_type=\"widget\" data-settings=\"{&quot;_animation&quot;:&quot;none&quot;}\" data-widget_type=\"icon-box.default\">\n\t\t\t\t<div class=\"elementor-widget-container\">\n\t\t\t\t\t\t\t<div class=\"elementor-icon-box-wrapper\">\n\n\t\t\t\t\t\t<div class=\"elementor-icon-box-icon\">\n\t\t\t\t<span  class=\"elementor-icon\">\n\t\t\t\t<i aria-hidden=\"true\" class=\"vamtamtheme- vamtam-theme-people\"><\/i>\t\t\t\t<\/span>\n\t\t\t<\/div>\n\t\t\t\n\t\t\t\t\t\t<div class=\"elementor-icon-box-content\">\n\n\t\t\t\t\t\t\t\t\t<h4 class=\"elementor-icon-box-title\">\n\t\t\t\t\t\t<span  >\n\t\t\t\t\t\t\tPerson\t\t\t\t\t\t<\/span>\n\t\t\t\t\t<\/h4>\n\t\t\t\t\n\t\t\t\t\t\t\t\t\t<p class=\"elementor-icon-box-description\">\n\t\t\t\t\t\tPeople are at the heart of success. At FGS, we work with a team of expert, innovative, and solution-oriented professionals to provide our clients with the best possible experience. Each of our employees is passionate about making organizations&#039; communication processes more efficient and stronger.\t\t\t\t\t<\/p>\n\t\t\t\t\n\t\t\t<\/div>\n\t\t\t\n\t\t<\/div>\n\t\t\t\t\t\t<\/div>\n\t\t\t\t<\/div>\n\t\t\t\t\t<\/div>\n\t\t<\/div>\n\t\t\t\t<div class=\"elementor-column elementor-col-33 elementor-top-column elementor-element elementor-element-7079b11 elementor-invisible\" data-id=\"7079b11\" data-element_type=\"column\" data-settings=\"{&quot;animation&quot;:&quot;fadeIn&quot;,&quot;animation_delay&quot;:400}\">\n\t\t\t<div class=\"elementor-widget-wrap elementor-element-populated\">\n\t\t\t\t\t\t<div class=\"vamtam-has-theme-widget-styles elementor-element elementor-element-783ee63 elementor-view-default elementor-position-top elementor-mobile-position-top elementor-widget elementor-widget-icon-box\" data-id=\"783ee63\" data-element_type=\"widget\" data-widget_type=\"icon-box.default\">\n\t\t\t\t<div class=\"elementor-widget-container\">\n\t\t\t\t\t\t\t<div class=\"elementor-icon-box-wrapper\">\n\n\t\t\t\t\t\t<div class=\"elementor-icon-box-icon\">\n\t\t\t\t<span  class=\"elementor-icon\">\n\t\t\t\t<i aria-hidden=\"true\" class=\"vamtamtheme- vamtam-theme-Purpose\"><\/i>\t\t\t\t<\/span>\n\t\t\t<\/div>\n\t\t\t\n\t\t\t\t\t\t<div class=\"elementor-icon-box-content\">\n\n\t\t\t\t\t\t\t\t\t<h4 class=\"elementor-icon-box-title\">\n\t\t\t\t\t\t<span  >\n\t\t\t\t\t\t\tAim\t\t\t\t\t\t<\/span>\n\t\t\t\t\t<\/h4>\n\t\t\t\t\n\t\t\t\t\t\t\t\t\t<p class=\"elementor-icon-box-description\">\n\t\t\t\t\t\tOur goal is to bring organizations&#039; communication infrastructures into the future through digital transformation. We simplify voice and communication technologies, making them accessible and reliable. Making our customers&#039; work easier, increasing their efficiency, and making every interaction smarter is not just a goal for us, it&#039;s a mission.\t\t\t\t\t<\/p>\n\t\t\t\t\n\t\t\t<\/div>\n\t\t\t\n\t\t<\/div>\n\t\t\t\t\t\t<\/div>\n\t\t\t\t<\/div>\n\t\t\t\t\t<\/div>\n\t\t<\/div>\n\t\t\t\t<div class=\"elementor-column elementor-col-33 elementor-top-column elementor-element elementor-element-7f1e6bf elementor-invisible\" data-id=\"7f1e6bf\" data-element_type=\"column\" data-settings=\"{&quot;animation&quot;:&quot;fadeIn&quot;,&quot;animation_delay&quot;:600}\">\n\t\t\t<div class=\"elementor-widget-wrap elementor-element-populated\">\n\t\t\t\t\t\t<div class=\"vamtam-has-theme-widget-styles elementor-element elementor-element-4c7b9a1 elementor-view-default elementor-position-top elementor-mobile-position-top elementor-widget elementor-widget-icon-box\" data-id=\"4c7b9a1\" data-element_type=\"widget\" data-widget_type=\"icon-box.default\">\n\t\t\t\t<div class=\"elementor-widget-container\">\n\t\t\t\t\t\t\t<div class=\"elementor-icon-box-wrapper\">\n\n\t\t\t\t\t\t<div class=\"elementor-icon-box-icon\">\n\t\t\t\t<span  class=\"elementor-icon\">\n\t\t\t\t<i aria-hidden=\"true\" class=\"vamtamtheme- vamtam-theme-Process\"><\/i>\t\t\t\t<\/span>\n\t\t\t<\/div>\n\t\t\t\n\t\t\t\t\t\t<div class=\"elementor-icon-box-content\">\n\n\t\t\t\t\t\t\t\t\t<h4 class=\"elementor-icon-box-title\">\n\t\t\t\t\t\t<span  >\n\t\t\t\t\t\t\tPeriod\t\t\t\t\t\t<\/span>\n\t\t\t\t\t<\/h4>\n\t\t\t\t\n\t\t\t\t\t\t\t\t\t<p class=\"elementor-icon-box-description\">\n\t\t\t\t\t\tFor us, it&#039;s not just what we do, but how we do it. In every project, we meticulously carry out the analysis, planning, and implementation phases; producing sustainable and measurable results. With our approach of trust, transparency, and continuous support, we build long-term business partnerships with our clients.\t\t\t\t\t<\/p>\n\t\t\t\t\n\t\t\t<\/div>\n\t\t\t\n\t\t<\/div>\n\t\t\t\t\t\t<\/div>\n\t\t\t\t<\/div>\n\t\t\t\t\t<\/div>\n\t\t<\/div>\n\t\t\t\t\t<\/div>\n\t\t<\/section>\n\t\t\t\t<\/div>","protected":false},"excerpt":{"rendered":"<p>We&#039;re the most trusted IT folks in NY<\/p>","protected":false},"author":1,"featured_media":3739,"parent":0,"menu_order":0,"comment_status":"closed","ping_status":"closed","template":"","meta":{"footnotes":""},"class_list":["post-2218","page","type-page","status-publish","has-post-thumbnail","hentry"],"yoast_head":"<!-- This site is optimized with the Yoast SEO plugin v26.4 - https:\/\/yoast.com\/wordpress\/plugins\/seo\/ -->\n<title>Neden Biz? - FGS Bilgi \u0130\u015flem \u00dcr\u00fcnleri San. Tic. A.\u015e.<\/title>\n<meta name=\"robots\" content=\"index, follow, max-snippet:-1, max-image-preview:large, max-video-preview:-1\" \/>\n<link rel=\"canonical\" href=\"https:\/\/www.fgs.com.tr\/en\/why-us\/\" \/>\n<meta property=\"og:locale\" content=\"en_US\" \/>\n<meta property=\"og:type\" content=\"article\" \/>\n<meta property=\"og:title\" content=\"Neden Biz? - FGS Bilgi \u0130\u015flem \u00dcr\u00fcnleri San. Tic. A.\u015e.\" \/>\n<meta property=\"og:description\" content=\"We\u2019re the most trusted IT folks in NY\" \/>\n<meta property=\"og:url\" content=\"https:\/\/www.fgs.com.tr\/en\/why-us\/\" \/>\n<meta property=\"og:site_name\" content=\"FGS Bilgi \u0130\u015flem \u00dcr\u00fcnleri San. Tic. A.\u015e.\" \/>\n<meta property=\"article:modified_time\" content=\"2025-11-26T10:01:58+00:00\" \/>\n<meta property=\"og:image\" content=\"https:\/\/www.fgs.com.tr\/wp-content\/uploads\/2023\/03\/austin-distel-mpN7xjKQ_Ns-unsplash.jpg\" \/>\n\t<meta property=\"og:image:width\" content=\"2558\" \/>\n\t<meta property=\"og:image:height\" content=\"688\" \/>\n\t<meta property=\"og:image:type\" content=\"image\/jpeg\" \/>\n<meta name=\"twitter:card\" content=\"summary_large_image\" \/>\n<meta name=\"twitter:label1\" content=\"Est. reading time\" \/>\n\t<meta name=\"twitter:data1\" content=\"2 minutes\" \/>\n<script type=\"application\/ld+json\" class=\"yoast-schema-graph\">{\"@context\":\"https:\/\/schema.org\",\"@graph\":[{\"@type\":\"WebPage\",\"@id\":\"https:\/\/www.fgs.com.tr\/neden-biz\/\",\"url\":\"https:\/\/www.fgs.com.tr\/neden-biz\/\",\"name\":\"Neden Biz? - FGS Bilgi \u0130\u015flem \u00dcr\u00fcnleri San. Tic. A.\u015e.\",\"isPartOf\":{\"@id\":\"https:\/\/www.fgs.com.tr\/#website\"},\"primaryImageOfPage\":{\"@id\":\"https:\/\/www.fgs.com.tr\/neden-biz\/#primaryimage\"},\"image\":{\"@id\":\"https:\/\/www.fgs.com.tr\/neden-biz\/#primaryimage\"},\"thumbnailUrl\":\"https:\/\/www.fgs.com.tr\/wp-content\/uploads\/2023\/03\/austin-distel-mpN7xjKQ_Ns-unsplash.jpg\",\"datePublished\":\"2023-03-17T12:06:56+00:00\",\"dateModified\":\"2025-11-26T10:01:58+00:00\",\"breadcrumb\":{\"@id\":\"https:\/\/www.fgs.com.tr\/neden-biz\/#breadcrumb\"},\"inLanguage\":\"en-US\",\"potentialAction\":[{\"@type\":\"ReadAction\",\"target\":[\"https:\/\/www.fgs.com.tr\/neden-biz\/\"]}]},{\"@type\":\"ImageObject\",\"inLanguage\":\"en-US\",\"@id\":\"https:\/\/www.fgs.com.tr\/neden-biz\/#primaryimage\",\"url\":\"https:\/\/www.fgs.com.tr\/wp-content\/uploads\/2023\/03\/austin-distel-mpN7xjKQ_Ns-unsplash.jpg\",\"contentUrl\":\"https:\/\/www.fgs.com.tr\/wp-content\/uploads\/2023\/03\/austin-distel-mpN7xjKQ_Ns-unsplash.jpg\",\"width\":2558,\"height\":688},{\"@type\":\"BreadcrumbList\",\"@id\":\"https:\/\/www.fgs.com.tr\/neden-biz\/#breadcrumb\",\"itemListElement\":[{\"@type\":\"ListItem\",\"position\":1,\"name\":\"Anasayfa\",\"item\":\"https:\/\/www.fgs.com.tr\/\"},{\"@type\":\"ListItem\",\"position\":2,\"name\":\"Neden Biz?\"}]},{\"@type\":\"WebSite\",\"@id\":\"https:\/\/www.fgs.com.tr\/#website\",\"url\":\"https:\/\/www.fgs.com.tr\/\",\"name\":\"FGS Yaz\u0131l\u0131m\",\"description\":\"\u0130leti\u015fiminizi buluta ta\u015f\u0131y\u0131n, fark\u0131 FGS ile ya\u015fay\u0131n.\",\"publisher\":{\"@id\":\"https:\/\/www.fgs.com.tr\/#organization\"},\"potentialAction\":[{\"@type\":\"SearchAction\",\"target\":{\"@type\":\"EntryPoint\",\"urlTemplate\":\"https:\/\/www.fgs.com.tr\/?s={search_term_string}\"},\"query-input\":{\"@type\":\"PropertyValueSpecification\",\"valueRequired\":true,\"valueName\":\"search_term_string\"}}],\"inLanguage\":\"en-US\"},{\"@type\":\"Organization\",\"@id\":\"https:\/\/www.fgs.com.tr\/#organization\",\"name\":\"FGS Yaz\u0131l\u0131m\",\"url\":\"https:\/\/www.fgs.com.tr\/\",\"logo\":{\"@type\":\"ImageObject\",\"inLanguage\":\"en-US\",\"@id\":\"https:\/\/www.fgs.com.tr\/#\/schema\/logo\/image\/\",\"url\":\"https:\/\/www.fgs.com.tr\/wp-content\/uploads\/2023\/03\/l1.png\",\"contentUrl\":\"https:\/\/www.fgs.com.tr\/wp-content\/uploads\/2023\/03\/l1.png\",\"width\":195,\"height\":93,\"caption\":\"FGS Yaz\u0131l\u0131m\"},\"image\":{\"@id\":\"https:\/\/www.fgs.com.tr\/#\/schema\/logo\/image\/\"}}]}<\/script>\n<!-- \/ Yoast SEO plugin. -->","yoast_head_json":{"title":"Why Us? - FGS Information Processing Products Industry and Trade Inc.","robots":{"index":"index","follow":"follow","max-snippet":"max-snippet:-1","max-image-preview":"max-image-preview:large","max-video-preview":"max-video-preview:-1"},"canonical":"https:\/\/www.fgs.com.tr\/en\/why-us\/","og_locale":"en_US","og_type":"article","og_title":"Neden Biz? - FGS Bilgi \u0130\u015flem \u00dcr\u00fcnleri San. Tic. A.\u015e.","og_description":"We\u2019re the most trusted IT folks in NY","og_url":"https:\/\/www.fgs.com.tr\/en\/why-us\/","og_site_name":"FGS Bilgi \u0130\u015flem \u00dcr\u00fcnleri San. Tic. A.\u015e.","article_modified_time":"2025-11-26T10:01:58+00:00","og_image":[{"width":2558,"height":688,"url":"https:\/\/www.fgs.com.tr\/wp-content\/uploads\/2023\/03\/austin-distel-mpN7xjKQ_Ns-unsplash.jpg","type":"image\/jpeg"}],"twitter_card":"summary_large_image","twitter_misc":{"Est. reading time":"2 minutes"},"schema":{"@context":"https:\/\/schema.org","@graph":[{"@type":"WebPage","@id":"https:\/\/www.fgs.com.tr\/neden-biz\/","url":"https:\/\/www.fgs.com.tr\/neden-biz\/","name":"Why Us? - FGS Information Processing Products Industry and Trade Inc.","isPartOf":{"@id":"https:\/\/www.fgs.com.tr\/#website"},"primaryImageOfPage":{"@id":"https:\/\/www.fgs.com.tr\/neden-biz\/#primaryimage"},"image":{"@id":"https:\/\/www.fgs.com.tr\/neden-biz\/#primaryimage"},"thumbnailUrl":"https:\/\/www.fgs.com.tr\/wp-content\/uploads\/2023\/03\/austin-distel-mpN7xjKQ_Ns-unsplash.jpg","datePublished":"2023-03-17T12:06:56+00:00","dateModified":"2025-11-26T10:01:58+00:00","breadcrumb":{"@id":"https:\/\/www.fgs.com.tr\/neden-biz\/#breadcrumb"},"inLanguage":"en-US","potentialAction":[{"@type":"ReadAction","target":["https:\/\/www.fgs.com.tr\/neden-biz\/"]}]},{"@type":"ImageObject","inLanguage":"en-US","@id":"https:\/\/www.fgs.com.tr\/neden-biz\/#primaryimage","url":"https:\/\/www.fgs.com.tr\/wp-content\/uploads\/2023\/03\/austin-distel-mpN7xjKQ_Ns-unsplash.jpg","contentUrl":"https:\/\/www.fgs.com.tr\/wp-content\/uploads\/2023\/03\/austin-distel-mpN7xjKQ_Ns-unsplash.jpg","width":2558,"height":688},{"@type":"BreadcrumbList","@id":"https:\/\/www.fgs.com.tr\/neden-biz\/#breadcrumb","itemListElement":[{"@type":"ListItem","position":1,"name":"Anasayfa","item":"https:\/\/www.fgs.com.tr\/"},{"@type":"ListItem","position":2,"name":"Neden Biz?"}]},{"@type":"WebSite","@id":"https:\/\/www.fgs.com.tr\/#website","url":"https:\/\/www.fgs.com.tr\/","name":"FGS Software","description":"Move your communications to the cloud and experience the difference with FGS.","publisher":{"@id":"https:\/\/www.fgs.com.tr\/#organization"},"potentialAction":[{"@type":"SearchAction","target":{"@type":"EntryPoint","urlTemplate":"https:\/\/www.fgs.com.tr\/?s={search_term_string}"},"query-input":{"@type":"PropertyValueSpecification","valueRequired":true,"valueName":"search_term_string"}}],"inLanguage":"en-US"},{"@type":"Organization","@id":"https:\/\/www.fgs.com.tr\/#organization","name":"FGS Software","url":"https:\/\/www.fgs.com.tr\/","logo":{"@type":"ImageObject","inLanguage":"en-US","@id":"https:\/\/www.fgs.com.tr\/#\/schema\/logo\/image\/","url":"https:\/\/www.fgs.com.tr\/wp-content\/uploads\/2023\/03\/l1.png","contentUrl":"https:\/\/www.fgs.com.tr\/wp-content\/uploads\/2023\/03\/l1.png","width":195,"height":93,"caption":"FGS Yaz\u0131l\u0131m"},"image":{"@id":"https:\/\/www.fgs.com.tr\/#\/schema\/logo\/image\/"}}]}},"_links":{"self":[{"href":"https:\/\/www.fgs.com.tr\/en\/wp-json\/wp\/v2\/pages\/2218","targetHints":{"allow":["GET"]}}],"collection":[{"href":"https:\/\/www.fgs.com.tr\/en\/wp-json\/wp\/v2\/pages"}],"about":[{"href":"https:\/\/www.fgs.com.tr\/en\/wp-json\/wp\/v2\/types\/page"}],"author":[{"embeddable":true,"href":"https:\/\/www.fgs.com.tr\/en\/wp-json\/wp\/v2\/users\/1"}],"replies":[{"embeddable":true,"href":"https:\/\/www.fgs.com.tr\/en\/wp-json\/wp\/v2\/comments?post=2218"}],"version-history":[{"count":0,"href":"https:\/\/www.fgs.com.tr\/en\/wp-json\/wp\/v2\/pages\/2218\/revisions"}],"wp:featuredmedia":[{"embeddable":true,"href":"https:\/\/www.fgs.com.tr\/en\/wp-json\/wp\/v2\/media\/3739"}],"wp:attachment":[{"href":"https:\/\/www.fgs.com.tr\/en\/wp-json\/wp\/v2\/media?parent=2218"}],"curies":[{"name":"wp","href":"https:\/\/api.w.org\/{rel}","templated":true}]}}